{"id":891,"date":"2023-12-11T20:07:33","date_gmt":"2023-12-11T23:07:33","guid":{"rendered":"https:\/\/www.lardavelhice.com.br\/site\/?page_id=891"},"modified":"2026-01-28T01:52:47","modified_gmt":"2026-01-28T04:52:47","slug":"transparencia-2024","status":"publish","type":"page","link":"https:\/\/www.lardavelhice.com.br\/site\/transparencia-2024\/","title":{"rendered":"TRANSPAR\u00caNCIA 2024"},"content":{"rendered":"\n<p><a href=\"https:\/\/www.lardavelhice.com.br\/site\/wp-content\/uploads\/BALANCO-PUBLICADO-2024.pdf\" target=\"_blank\" rel=\"noreferrer noopener\">BALAN\u00c7O ANUAL 2024<\/a><\/p>\n\n\n\n<p><a href=\"https:\/\/www.lardavelhice.com.br\/site\/wp-content\/uploads\/Demonstrativo_2024.pdf\" target=\"_blank\" rel=\"noreferrer noopener\">DEMONSTRATIVO 2024<\/a><\/p>\n\n\n\n<p><a href=\"https:\/\/www.lardavelhice.com.br\/site\/wp-content\/uploads\/RP10_Proprio.pdf\" target=\"_blank\" rel=\"noreferrer noopener\">RP10 PR\u00d3PRIO<\/a><\/p>\n\n\n\n<p><a href=\"https:\/\/www.lardavelhice.com.br\/site\/wp-content\/uploads\/RP10_MUNICIPAL.pdf\" target=\"_blank\" rel=\"noreferrer noopener\">RP10 MUNICIPAL<\/a><\/p>\n\n\n\n<p><a href=\"https:\/\/www.lardavelhice.com.br\/site\/wp-content\/uploads\/RP10_FEDERAL.pdf\" target=\"_blank\" rel=\"noreferrer noopener\">RP10 FEDERAL<\/a><\/p>\n\n\n\n<p><a href=\"https:\/\/www.lardavelhice.com.br\/site\/wp-content\/uploads\/RP10_ESTADUAL.pdf\" target=\"_blank\" rel=\"noreferrer noopener\">RP10 ESTADUAL<\/a><\/p>\n\n\n\n<p><a href=\"https:\/\/www.lardavelhice.com.br\/site\/wp-content\/uploads\/RELATORIO-DE-ATIVIDADES-ANUAL-2.024.pdf\" target=\"_blank\" rel=\"noreferrer noopener\">RELAT\u00d3RIO DE ATIVIDADES ANUAL 2024<\/a><\/p>\n\n\n\n<p><a href=\"https:\/\/www.lardavelhice.com.br\/site\/wp-content\/uploads\/EXTRATO-PRESTACAO-DE-CONTAS.pdf\" target=\"_blank\" rel=\"noreferrer noopener\">EXTRATO PRESTA\u00c7\u00c3O DE CONTAS<\/a><\/p>\n\n\n\n<p><a href=\"https:\/\/www.lardavelhice.com.br\/site\/wp-content\/uploads\/DOCUMENTOS-ARTIGO-87.pdf\" target=\"_blank\" rel=\"noreferrer noopener\">DOCUMENTOS ARTIGO 87<\/a><\/p>\n\n\n\n<p><a href=\"https:\/\/www.lardavelhice.com.br\/site\/wp-content\/uploads\/PLANO-DE-TRABALHO-2024.pdf\" target=\"_blank\" rel=\"noreferrer noopener\">PLANO DE TRABALHO 2024<\/a><\/p>\n\n\n\n<p><a href=\"https:\/\/www.lardavelhice.com.br\/site\/wp-content\/uploads\/TERMO-DE-COLABORACAO-010-2023-LAR-DA-VELHICE-E-ASSIST.-SOCIAL-12.574.pdf\" target=\"_blank\" rel=\"noreferrer noopener\">TERMO DE COLABORA\u00c7\u00c3O 010-2023 LAR DA VELHICE E ASSIST. SOCIAL-12.574<\/a><\/p>\n\n\n\n<p><\/p>\n","protected":false},"excerpt":{"rendered":"<p>BALAN\u00c7O ANUAL 2024 DEMONSTRATIVO 2024 RP10 PR\u00d3PRIO RP10 MUNICIPAL RP10 FEDERAL RP10 ESTADUAL RELAT\u00d3RIO DE ATIVIDADES ANUAL 2024 EXTRATO PRESTA\u00c7\u00c3O DE CONTAS DOCUMENTOS ARTIGO 87 PLANO DE TRABALHO 2024 TERMO DE COLABORA\u00c7\u00c3O 010-2023 LAR DA VELHICE E ASSIST. SOCIAL-12.574<\/p>\n","protected":false},"author":1,"featured_media":0,"parent":0,"menu_order":0,"comment_status":"closed","ping_status":"closed","template":"","meta":{"ngg_post_thumbnail":0,"footnotes":""},"class_list":["post-891","page","type-page","status-publish","hentry"],"_links":{"self":[{"href":"https:\/\/www.lardavelhice.com.br\/site\/wp-json\/wp\/v2\/pages\/891","targetHints":{"allow":["GET"]}}],"collection":[{"href":"https:\/\/www.lardavelhice.com.br\/site\/wp-json\/wp\/v2\/pages"}],"about":[{"href":"https:\/\/www.lardavelhice.com.br\/site\/wp-json\/wp\/v2\/types\/page"}],"author":[{"embeddable":true,"href":"https:\/\/www.lardavelhice.com.br\/site\/wp-json\/wp\/v2\/users\/1"}],"replies":[{"embeddable":true,"href":"https:\/\/www.lardavelhice.com.br\/site\/wp-json\/wp\/v2\/comments?post=891"}],"version-history":[{"count":0,"href":"https:\/\/www.lardavelhice.com.br\/site\/wp-json\/wp\/v2\/pages\/891\/revisions"}],"wp:attachment":[{"href":"https:\/\/www.lardavelhice.com.br\/site\/wp-json\/wp\/v2\/media?parent=891"}],"curies":[{"name":"wp","href":"https:\/\/api.w.org\/{rel}","templated":true}]}}