{"id":831,"date":"2022-03-29T15:49:02","date_gmt":"2022-03-29T18:49:02","guid":{"rendered":"https:\/\/www.lardavelhice.com.br\/site\/?page_id=831"},"modified":"2022-03-30T02:24:49","modified_gmt":"2022-03-30T05:24:49","slug":"dirigentes-da-entidade-2020-2021","status":"publish","type":"page","link":"https:\/\/www.lardavelhice.com.br\/site\/dirigentes-da-entidade-2020-2021\/","title":{"rendered":"DIRIGENTES DA ENTIDADE 2020-2021"},"content":{"rendered":"\n<p><a href=\"https:\/\/www.lardavelhice.com.br\/site\/wp-content\/uploads\/2021\/03\/CERTID\u00c3O-DE-DIRIGENTES-DA-ENTIDADE-MANDATO-01-01-2020-A-31-12-2021.pdf\" target=\"_blank\" rel=\"noreferrer noopener\" aria-label=\"CERTID\u00c3O DE DIRIGENTES DA ENTIDADE MANDATO 01-01-2020 A 31-12-2021 (abre numa nova aba)\">CERTID\u00c3O DE DIRIGENTES DA ENTIDADE MANDATO 01-01-2020 A 31-12-2021<\/a><\/p>\n\n\n\n<p><a href=\"https:\/\/www.lardavelhice.com.br\/site\/wp-content\/uploads\/2021\/03\/DECLARA\u00c7\u00c3O-ART-33-DO-DECRETO-19138-DOS-DIRIGENTES-DA-ENTIDADE.pdf.pdf\" target=\"_blank\" rel=\"noreferrer noopener\" aria-label=\"DECLARA\u00c7\u00c3O ART 33 DO DECRETO 19138 DOS DIRIGENTES DA ENTIDADE (abre numa nova aba)\">DECLARA\u00c7\u00c3O ART 33 DO DECRETO 19138 DOS DIRIGENTES DA ENTIDADE<\/a><\/p>\n","protected":false},"excerpt":{"rendered":"<p>CERTID\u00c3O DE DIRIGENTES DA ENTIDADE MANDATO 01-01-2020 A 31-12-2021 DECLARA\u00c7\u00c3O ART 33 DO DECRETO 19138 DOS DIRIGENTES DA ENTIDADE<\/p>\n","protected":false},"author":1,"featured_media":0,"parent":0,"menu_order":0,"comment_status":"closed","ping_status":"closed","template":"","meta":{"ngg_post_thumbnail":0,"footnotes":""},"class_list":["post-831","page","type-page","status-publish","hentry"],"_links":{"self":[{"href":"https:\/\/www.lardavelhice.com.br\/site\/wp-json\/wp\/v2\/pages\/831","targetHints":{"allow":["GET"]}}],"collection":[{"href":"https:\/\/www.lardavelhice.com.br\/site\/wp-json\/wp\/v2\/pages"}],"about":[{"href":"https:\/\/www.lardavelhice.com.br\/site\/wp-json\/wp\/v2\/types\/page"}],"author":[{"embeddable":true,"href":"https:\/\/www.lardavelhice.com.br\/site\/wp-json\/wp\/v2\/users\/1"}],"replies":[{"embeddable":true,"href":"https:\/\/www.lardavelhice.com.br\/site\/wp-json\/wp\/v2\/comments?post=831"}],"version-history":[{"count":0,"href":"https:\/\/www.lardavelhice.com.br\/site\/wp-json\/wp\/v2\/pages\/831\/revisions"}],"wp:attachment":[{"href":"https:\/\/www.lardavelhice.com.br\/site\/wp-json\/wp\/v2\/media?parent=831"}],"curies":[{"name":"wp","href":"https:\/\/api.w.org\/{rel}","templated":true}]}}