{"id":767,"date":"2022-01-31T14:52:57","date_gmt":"2022-01-31T17:52:57","guid":{"rendered":"https:\/\/www.lardavelhice.com.br\/site\/?page_id=767"},"modified":"2023-01-17T22:19:23","modified_gmt":"2023-01-18T01:19:23","slug":"transparencia-2021","status":"publish","type":"page","link":"https:\/\/www.lardavelhice.com.br\/site\/transparencia-2021\/","title":{"rendered":"TRANSPAR\u00caNCIA 2021"},"content":{"rendered":"\n<p><a rel=\"noreferrer noopener\" href=\"https:\/\/www.lardavelhice.com.br\/site\/wp-content\/uploads\/2021\/04\/RELA%C3%87%C3%83O-NOMINAL-DE-FUNCION%C3%81RIOS-VINCULADOS-AO-TERMO-DE-COLABORA%C3%87%C3%83O-2021.pdf\" target=\"_blank\">RELA\u00c7\u00c3O NOMINAL DE FUNCION\u00c1RIOS VINCULADOS AO TERMO DE COLABORA\u00c7\u00c3O 2021<\/a><\/p>\n\n\n\n<p><a rel=\"noreferrer noopener\" aria-label=\"TERMO DE COLABORA\u00c7\u00c3O 008\/2019 - PRIMEIRO APOSTILAMENTO - SECRETARIA DE A\u00c7\u00c3O SOCIAL DE ARA\u00c7ATUBA E LAR DA VELHICE - 2021 (abre numa nova aba)\" href=\"https:\/\/www.lardavelhice.com.br\/site\/wp-content\/uploads\/2022\/01\/TERMO%20DE%20APOSTILAMENTO%202021.pdf\" target=\"_blank\">TERMO DE COLABORA\u00c7\u00c3O 008\/2019 &#8211; PRIMEIRO APOSTILAMENTO &#8211; SECRETARIA DE A\u00c7\u00c3O SOCIAL DE ARA\u00c7ATUBA E LAR DA VELHICE &#8211; 2021<\/a> <\/p>\n\n\n<p><a href=\"https:\/\/www.lardavelhice.com.br\/site\/wp-content\/uploads\/2022\/01\/PLANO%20DE%20TRABALHO%202021%20ASSINADO.pdf\" target=\"_blank\" rel=\"noopener noreferrer\">PLANO DE TRABALHO 2021<\/a><\/p>\n\n\n<p><a href=\"https:\/\/www.lardavelhice.com.br\/site\/dirigentes-da-entidade-2020-2021\/\">DIRIGENTES DA ENTIDADE 2020-2021<\/a><\/p>\n\n\n\n<p><a href=\"https:\/\/www.lardavelhice.com.br\/site\/prestacao-de-contas-2021\/\">PRESTA\u00c7\u00c3O DE CONTAS 2021<\/a><\/p>\n\n\n\n<p><a rel=\"noreferrer noopener\" aria-label=\"BALAN\u00c7O ANUAL 2021 (abre numa nova aba)\" href=\"https:\/\/www.lardavelhice.com.br\/site\/wp-content\/uploads\/2021\/03\/DECLARA\u00c7\u00c3O-ARTIGO-87-BALAN\u00c7O-PATRIMONIAL.pdf\" target=\"_blank\">DECLARA\u00c7\u00c3O ARTIGO 87 BALAN\u00c7O PATRIMONIAL<\/a><\/p>\n\n\n\n<p><a href=\"https:\/\/www.lardavelhice.com.br\/site\/wp-content\/uploads\/Balanco-Anual-2021.pdf\" target=\"_blank\" rel=\"noreferrer noopener\">BALAN\u00c7O ANUAL 2021<\/a><\/p>\n\n\n<p><!--EndFragment--><\/p>","protected":false},"excerpt":{"rendered":"<p>RELA\u00c7\u00c3O NOMINAL DE FUNCION\u00c1RIOS VINCULADOS AO TERMO DE COLABORA\u00c7\u00c3O 2021 TERMO DE COLABORA\u00c7\u00c3O 008\/2019 &#8211; PRIMEIRO APOSTILAMENTO &#8211; SECRETARIA DE A\u00c7\u00c3O SOCIAL DE ARA\u00c7ATUBA E LAR DA VELHICE &#8211; 2021 PLANO DE TRABALHO 2021 DIRIGENTES DA ENTIDADE 2020-2021 PRESTA\u00c7\u00c3O DE CONTAS 2021 DECLARA\u00c7\u00c3O ARTIGO 87 BALAN\u00c7O PATRIMONIAL BALAN\u00c7O ANUAL 2021<\/p>\n","protected":false},"author":1,"featured_media":0,"parent":0,"menu_order":0,"comment_status":"closed","ping_status":"closed","template":"","meta":{"ngg_post_thumbnail":0,"footnotes":""},"class_list":["post-767","page","type-page","status-publish","hentry"],"_links":{"self":[{"href":"https:\/\/www.lardavelhice.com.br\/site\/wp-json\/wp\/v2\/pages\/767","targetHints":{"allow":["GET"]}}],"collection":[{"href":"https:\/\/www.lardavelhice.com.br\/site\/wp-json\/wp\/v2\/pages"}],"about":[{"href":"https:\/\/www.lardavelhice.com.br\/site\/wp-json\/wp\/v2\/types\/page"}],"author":[{"embeddable":true,"href":"https:\/\/www.lardavelhice.com.br\/site\/wp-json\/wp\/v2\/users\/1"}],"replies":[{"embeddable":true,"href":"https:\/\/www.lardavelhice.com.br\/site\/wp-json\/wp\/v2\/comments?post=767"}],"version-history":[{"count":0,"href":"https:\/\/www.lardavelhice.com.br\/site\/wp-json\/wp\/v2\/pages\/767\/revisions"}],"wp:attachment":[{"href":"https:\/\/www.lardavelhice.com.br\/site\/wp-json\/wp\/v2\/media?parent=767"}],"curies":[{"name":"wp","href":"https:\/\/api.w.org\/{rel}","templated":true}]}}