{"id":758,"date":"2022-01-26T18:59:10","date_gmt":"2022-01-26T21:59:10","guid":{"rendered":"https:\/\/www.lardavelhice.com.br\/site\/?page_id=758"},"modified":"2023-07-01T03:32:08","modified_gmt":"2023-07-01T06:32:08","slug":"transparencia-2022","status":"publish","type":"page","link":"https:\/\/www.lardavelhice.com.br\/site\/transparencia-2022\/","title":{"rendered":"TRANSPAR\u00caNCIA 2022"},"content":{"rendered":"\n<p><a href=\"https:\/\/www.lardavelhice.com.br\/site\/balanco-anual-2022\/\">BALAN\u00c7O ANUAL 2022<\/a><\/p>\n\n\n\n<p><a rel=\"noreferrer noopener\" href=\"https:\/\/www.lardavelhice.com.br\/site\/wp-content\/uploads\/RP-10-FEDERAL.pdf\" target=\"_blank\">RP 10 FEDERAL<\/a><\/p>\n\n\n\n<p><a href=\"https:\/\/www.lardavelhice.com.br\/site\/wp-content\/uploads\/RP-10-PROPRIO.pdf\" target=\"_blank\" rel=\"noreferrer noopener\">RP 10 &#8211; PR\u00d3PRIO<\/a><\/p>\n\n\n\n<p><a href=\"https:\/\/www.lardavelhice.com.br\/site\/wp-content\/uploads\/RP-10-MUNICIPAL.pdf\" target=\"_blank\" rel=\"noreferrer noopener\">RP 10 &#8211; MUNICIPAL<\/a><\/p>\n\n\n\n<p><a href=\"https:\/\/www.lardavelhice.com.br\/site\/wp-content\/uploads\/RP-10-ESTADUAL.pdf\" target=\"_blank\" rel=\"noreferrer noopener\">RP 10 &#8211; ESTADUAL<\/a><\/p>\n\n\n\n<p><a href=\"https:\/\/www.lardavelhice.com.br\/site\/wp-content\/uploads\/RELACAO-NOMINAL-DE-FUNCIONARIOS.pdf\" target=\"_blank\" rel=\"noreferrer noopener\">RELA\u00c7\u00c3O NOMINAL DE FUNCION\u00c1RIOS<\/a><\/p>\n\n\n\n<p><a href=\"https:\/\/www.lardavelhice.com.br\/site\/wp-content\/uploads\/DEMONSTRATIVO-ANUAL-SIMPLIFICADO-PERIODO-01-01-2022-a-20-01-2023.pdf\" target=\"_blank\" rel=\"noreferrer noopener\">DEMONSTRATIVO ANUAL SIMPLIFICADO &#8211; PERIODO 01-01-2022 a 20-01-2023<\/a><\/p>\n\n\n\n<p><a href=\"https:\/\/www.lardavelhice.com.br\/site\/wp-content\/uploads\/DECLARACOES-DO-ARTIGO-87.pdf\" target=\"_blank\" rel=\"noreferrer noopener\">DECLARA\u00c7\u00d5ES DO ARTIGO 87<\/a><\/p>\n\n\n\n<p><a rel=\"noreferrer noopener\" aria-label=\"TERCEIRO ADITAMENTO 2022 (abre numa nova aba)\" href=\"https:\/\/www.lardavelhice.com.br\/site\/wp-content\/uploads\/2022\/01\/TERCEIRO-ADITAMENTO-2022.pdf\" target=\"_blank\">TERCEIRO ADITAMENTO 2022<\/a><\/p>\n\n\n\n<p><a href=\"https:\/\/www.lardavelhice.com.br\/site\/wp-content\/uploads\/2022\/01\/PLANO-DE-TRABALHO-2022.pdf\" target=\"_blank\" rel=\"noreferrer noopener\" aria-label=\"PLANO DE TRABALHO 2022 (abre numa nova aba)\">PLANO DE TRABALHO 2022<\/a><\/p>\n","protected":false},"excerpt":{"rendered":"<p>BALAN\u00c7O ANUAL 2022 RP 10 FEDERAL RP 10 &#8211; PR\u00d3PRIO RP 10 &#8211; MUNICIPAL RP 10 &#8211; ESTADUAL RELA\u00c7\u00c3O NOMINAL DE FUNCION\u00c1RIOS DEMONSTRATIVO ANUAL SIMPLIFICADO &#8211; PERIODO 01-01-2022 a 20-01-2023 DECLARA\u00c7\u00d5ES DO ARTIGO 87 TERCEIRO ADITAMENTO 2022 PLANO DE TRABALHO 2022<\/p>\n","protected":false},"author":1,"featured_media":0,"parent":0,"menu_order":0,"comment_status":"closed","ping_status":"closed","template":"","meta":{"ngg_post_thumbnail":0,"footnotes":""},"class_list":["post-758","page","type-page","status-publish","hentry"],"_links":{"self":[{"href":"https:\/\/www.lardavelhice.com.br\/site\/wp-json\/wp\/v2\/pages\/758","targetHints":{"allow":["GET"]}}],"collection":[{"href":"https:\/\/www.lardavelhice.com.br\/site\/wp-json\/wp\/v2\/pages"}],"about":[{"href":"https:\/\/www.lardavelhice.com.br\/site\/wp-json\/wp\/v2\/types\/page"}],"author":[{"embeddable":true,"href":"https:\/\/www.lardavelhice.com.br\/site\/wp-json\/wp\/v2\/users\/1"}],"replies":[{"embeddable":true,"href":"https:\/\/www.lardavelhice.com.br\/site\/wp-json\/wp\/v2\/comments?post=758"}],"version-history":[{"count":0,"href":"https:\/\/www.lardavelhice.com.br\/site\/wp-json\/wp\/v2\/pages\/758\/revisions"}],"wp:attachment":[{"href":"https:\/\/www.lardavelhice.com.br\/site\/wp-json\/wp\/v2\/media?parent=758"}],"curies":[{"name":"wp","href":"https:\/\/api.w.org\/{rel}","templated":true}]}}