{"id":746,"date":"2021-03-15T18:43:56","date_gmt":"2021-03-15T21:43:56","guid":{"rendered":"https:\/\/www.lardavelhice.com.br\/site\/?page_id=746"},"modified":"2021-03-15T18:43:57","modified_gmt":"2021-03-15T21:43:57","slug":"declaracao-da-entrega-de-balanco-patrimonial-do-exercicio-anterior","status":"publish","type":"page","link":"https:\/\/www.lardavelhice.com.br\/site\/declaracao-da-entrega-de-balanco-patrimonial-do-exercicio-anterior\/","title":{"rendered":"DECLARA\u00c7\u00c3O DA ENTREGA DE BALAN\u00c7O PATRIMONIAL DO EXERC\u00cdCIO ANTERIOR"},"content":{"rendered":"\n<p><strong><a href=\"http:\/\/lardavelhice.com.br\/site\/wp-content\/uploads\/DECLARA%C3%87%C3%83O%20DA%20ENTREGA%20DE%20BALAN%C3%87O%20PATRIMONIAL%20DO%20EXERC%C3%8DCIO%20ANTERIOR.pdf\" target=\"_blank\" rel=\"noreferrer noopener\">DECLARA\u00c7\u00c3O DA ENTREGA DE BALAN\u00c7O PATRIMONIAL DO EXERC\u00cdCIO ANTERIOR<\/a><\/strong><\/p>\n","protected":false},"excerpt":{"rendered":"<p>DECLARA\u00c7\u00c3O DA ENTREGA DE BALAN\u00c7O PATRIMONIAL DO EXERC\u00cdCIO ANTERIOR<\/p>\n","protected":false},"author":1,"featured_media":0,"parent":0,"menu_order":0,"comment_status":"closed","ping_status":"closed","template":"","meta":{"ngg_post_thumbnail":0,"footnotes":""},"class_list":["post-746","page","type-page","status-publish","hentry"],"_links":{"self":[{"href":"https:\/\/www.lardavelhice.com.br\/site\/wp-json\/wp\/v2\/pages\/746","targetHints":{"allow":["GET"]}}],"collection":[{"href":"https:\/\/www.lardavelhice.com.br\/site\/wp-json\/wp\/v2\/pages"}],"about":[{"href":"https:\/\/www.lardavelhice.com.br\/site\/wp-json\/wp\/v2\/types\/page"}],"author":[{"embeddable":true,"href":"https:\/\/www.lardavelhice.com.br\/site\/wp-json\/wp\/v2\/users\/1"}],"replies":[{"embeddable":true,"href":"https:\/\/www.lardavelhice.com.br\/site\/wp-json\/wp\/v2\/comments?post=746"}],"version-history":[{"count":0,"href":"https:\/\/www.lardavelhice.com.br\/site\/wp-json\/wp\/v2\/pages\/746\/revisions"}],"wp:attachment":[{"href":"https:\/\/www.lardavelhice.com.br\/site\/wp-json\/wp\/v2\/media?parent=746"}],"curies":[{"name":"wp","href":"https:\/\/api.w.org\/{rel}","templated":true}]}}