{"id":736,"date":"2021-03-12T23:54:12","date_gmt":"2021-03-13T02:54:12","guid":{"rendered":"https:\/\/www.lardavelhice.com.br\/site\/?page_id=736"},"modified":"2021-03-15T18:30:59","modified_gmt":"2021-03-15T21:30:59","slug":"termo-de-colaboracao-008-2019-resolucao-seds-10-2020-covid","status":"publish","type":"page","link":"https:\/\/www.lardavelhice.com.br\/site\/termo-de-colaboracao-008-2019-resolucao-seds-10-2020-covid\/","title":{"rendered":"TERMO DE COLABORA\u00c7\u00c3O 008\/2019 RESOLU\u00c7\u00c3O SEDS 10\/2020 COVID"},"content":{"rendered":"\n<p><a href=\"http:\/\/lardavelhice.com.br\/site\/wp-content\/uploads\/EXTRATO%20DA%20PRESTA%C3%87%C3%83O%20DE%20CONTAS%2001-12-2020%20A%2031-12-2020%20-%20COVID.pdf\" target=\"_blank\" rel=\"noreferrer noopener\" aria-label=\"EXTRATO DA PRESTA\u00c7\u00c3O DE CONTAS 01-12-2020 A 31-12-2020 - COVID (abre numa nova aba)\">EXTRATO DA PRESTA\u00c7\u00c3O DE CONTAS 01-12-2020 A 31-12-2020 &#8211; COVID<\/a><\/p>\n\n\n\n<p><strong><a href=\"https:\/\/www.lardavelhice.com.br\/site\/wp-content\/uploads\/ANEXO%20RP14%20-%20ESTADUAL%20-%20COVID.pdf\" target=\"_blank\" rel=\"noreferrer noopener\" aria-label=\"ANEXO RP14 - ESTADUAL - COVID  (abre numa nova aba)\">ANEXO RP14 &#8211; ESTADUAL &#8211; COVID<\/a><\/strong><a href=\"https:\/\/www.lardavelhice.com.br\/site\/wp-content\/uploads\/ANEXO%20RP14%20-%20ESTADUAL%20-%20COVID.pdf\" target=\"_blank\" rel=\"noreferrer noopener\" aria-label=\"ANEXO RP14 - ESTADUAL - COVID  (abre numa nova aba)\"> <\/a><\/p>\n\n\n\n<p><strong><a href=\"https:\/\/www.lardavelhice.com.br\/site\/wp-content\/uploads\/ANEXO%20RP14%20-%20PROPRIO%20-%20COVID.pdf\" target=\"_blank\" rel=\"noreferrer noopener\" aria-label=\"ANEXO RP14 - PROPRIO - COVID  (abre numa nova aba)\">ANEXO RP14 &#8211; PROPRIO &#8211; COVID<\/a><\/strong><a href=\"https:\/\/www.lardavelhice.com.br\/site\/wp-content\/uploads\/ANEXO%20RP14%20-%20PROPRIO%20-%20COVID.pdf\" target=\"_blank\" rel=\"noreferrer noopener\" aria-label=\"ANEXO RP14 - PROPRIO - COVID  (abre numa nova aba)\"> <\/a><\/p>\n\n\n\n<p><strong><a href=\"https:\/\/www.lardavelhice.com.br\/site\/wp-content\/uploads\/ANEXO%20RP14%20-%20PROPRIO%20-%20COVID.pdf\" target=\"_blank\" rel=\"noreferrer noopener\" aria-label=\"EXTRATO DA PRESTA\u00c7\u00c3O DE CONTAS 01-12-2020 A 31-12-2020 - COVID  (abre numa nova aba)\">EXTRATO DA PRESTA\u00c7\u00c3O DE CONTAS 01-12-2020 A 31-12-2020 &#8211; COVID<\/a><\/strong><a href=\"https:\/\/www.lardavelhice.com.br\/site\/wp-content\/uploads\/ANEXO%20RP14%20-%20PROPRIO%20-%20COVID.pdf\" target=\"_blank\" rel=\"noreferrer noopener\" aria-label=\"EXTRATO DA PRESTA\u00c7\u00c3O DE CONTAS 01-12-2020 A 31-12-2020 - COVID  (abre numa nova aba)\"> <\/a><\/p>\n\n\n\n<p><strong><a href=\"https:\/\/www.lardavelhice.com.br\/site\/wp-content\/uploads\/EXTRATO%20PRESTA%C3%87%C3%83O%20DE%20CONTAS%2010-06-20%20A%2025-11-20%20COVID.pdf\" target=\"_blank\" rel=\"noreferrer noopener\" aria-label=\"EXTRATO PRESTA\u00c7\u00c3O DE CONTAS 10-06-20 A 25-11-20 COVID  (abre numa nova aba)\">EXTRATO PRESTA\u00c7\u00c3O DE CONTAS 10-06-20 A 25-11-20 COVID<\/a><\/strong><a href=\"https:\/\/www.lardavelhice.com.br\/site\/wp-content\/uploads\/EXTRATO%20PRESTA%C3%87%C3%83O%20DE%20CONTAS%2010-06-20%20A%2025-11-20%20COVID.pdf\" target=\"_blank\" rel=\"noreferrer noopener\" aria-label=\"EXTRATO PRESTA\u00c7\u00c3O DE CONTAS 10-06-20 A 25-11-20 COVID  (abre numa nova aba)\"> <\/a><\/p>\n\n\n\n<p><strong><a href=\"https:\/\/www.lardavelhice.com.br\/site\/wp-content\/uploads\/SOLICITA%C3%87%C3%83O%20DE%20RECURSO%20E%20PLANILHA%20DE%20UTILIZA%C3%87%C3%83O%20DO%20RECURSO%20ADICIONAL%20COVID.pdf\">SOLICITA\u00c7\u00c3O DE RECURSO E PLANILHA DE UTILIZA\u00c7\u00c3O DO RECURSO<\/a><a href=\"https:\/\/www.lardavelhice.com.br\/site\/wp-content\/uploads\/SOLICITA%C3%87%C3%83O%20DE%20RECURSO%20E%20PLANILHA%20DE%20UTILIZA%C3%87%C3%83O%20DO%20RECURSO%20ADICIONAL%20COVID.pdf\" target=\"_blank\" rel=\"noreferrer noopener\" aria-label=\"  (abre numa nova aba)\"> <\/a><a href=\"https:\/\/www.lardavelhice.com.br\/site\/wp-content\/uploads\/SOLICITA%C3%87%C3%83O%20DE%20RECURSO%20E%20PLANILHA%20DE%20UTILIZA%C3%87%C3%83O%20DO%20RECURSO%20ADICIONAL%20COVID.pdf\">ADICIONAL COVID<\/a><\/strong><a href=\"https:\/\/www.lardavelhice.com.br\/site\/wp-content\/uploads\/SOLICITA%C3%87%C3%83O%20DE%20RECURSO%20E%20PLANILHA%20DE%20UTILIZA%C3%87%C3%83O%20DO%20RECURSO%20ADICIONAL%20COVID.pdf\"> <\/a><\/p>\n","protected":false},"excerpt":{"rendered":"<p>EXTRATO DA PRESTA\u00c7\u00c3O DE CONTAS 01-12-2020 A 31-12-2020 &#8211; COVID ANEXO RP14 &#8211; ESTADUAL &#8211; COVID ANEXO RP14 &#8211; PROPRIO &#8211; COVID EXTRATO DA PRESTA\u00c7\u00c3O DE CONTAS 01-12-2020 A 31-12-2020 &#8211; COVID EXTRATO PRESTA\u00c7\u00c3O DE CONTAS 10-06-20 A 25-11-20 COVID SOLICITA\u00c7\u00c3O DE RECURSO E PLANILHA DE UTILIZA\u00c7\u00c3O DO RECURSO ADICIONAL COVID<\/p>\n","protected":false},"author":1,"featured_media":0,"parent":0,"menu_order":0,"comment_status":"closed","ping_status":"closed","template":"","meta":{"ngg_post_thumbnail":0,"footnotes":""},"class_list":["post-736","page","type-page","status-publish","hentry"],"_links":{"self":[{"href":"https:\/\/www.lardavelhice.com.br\/site\/wp-json\/wp\/v2\/pages\/736","targetHints":{"allow":["GET"]}}],"collection":[{"href":"https:\/\/www.lardavelhice.com.br\/site\/wp-json\/wp\/v2\/pages"}],"about":[{"href":"https:\/\/www.lardavelhice.com.br\/site\/wp-json\/wp\/v2\/types\/page"}],"author":[{"embeddable":true,"href":"https:\/\/www.lardavelhice.com.br\/site\/wp-json\/wp\/v2\/users\/1"}],"replies":[{"embeddable":true,"href":"https:\/\/www.lardavelhice.com.br\/site\/wp-json\/wp\/v2\/comments?post=736"}],"version-history":[{"count":0,"href":"https:\/\/www.lardavelhice.com.br\/site\/wp-json\/wp\/v2\/pages\/736\/revisions"}],"wp:attachment":[{"href":"https:\/\/www.lardavelhice.com.br\/site\/wp-json\/wp\/v2\/media?parent=736"}],"curies":[{"name":"wp","href":"https:\/\/api.w.org\/{rel}","templated":true}]}}