{"id":730,"date":"2021-03-12T23:50:06","date_gmt":"2021-03-13T02:50:06","guid":{"rendered":"https:\/\/www.lardavelhice.com.br\/site\/?page_id=730"},"modified":"2021-03-12T23:53:00","modified_gmt":"2021-03-13T02:53:00","slug":"dirigentes-da-entidade","status":"publish","type":"page","link":"https:\/\/www.lardavelhice.com.br\/site\/dirigentes-da-entidade\/","title":{"rendered":"DIRIGENTES DA ENTIDADE"},"content":{"rendered":"<p><br><!--StartFragment--><\/p>\n\n\n<p><strong><a href=\"https:\/\/www.lardavelhice.com.br\/site\/wp-content\/uploads\/CERTID%C3%83O%20DE%20DIRIGENTES%20DA%20ENTIDADE%20MANDATO%2001-01-2020%20A%2031-12-2021.pdf\" target=\"_blank\" rel=\"noreferrer noopener\" aria-label=\"CERTID\u00c3O DE DIRIGENTES DA ENTIDADE MANDATO 01-01-2020 A 31-12-2021  (abre numa nova aba)\">CERTID\u00c3O DE DIRIGENTES DA ENTIDADE MANDATO 01-01-2020 A 31-12-2021<\/a><\/strong><a href=\"https:\/\/www.lardavelhice.com.br\/site\/wp-content\/uploads\/CERTID%C3%83O%20DE%20DIRIGENTES%20DA%20ENTIDADE%20MANDATO%2001-01-2020%20A%2031-12-2021.pdf\" target=\"_blank\" rel=\"noreferrer noopener\" aria-label=\"CERTID\u00c3O DE DIRIGENTES DA ENTIDADE MANDATO 01-01-2020 A 31-12-2021  (abre numa nova aba)\"> <\/a><\/p>\n\n\n\n<p><strong><a href=\"https:\/\/www.lardavelhice.com.br\/site\/wp-content\/uploads\/DECLARA%C3%87%C3%83O%20ART%2033%20DO%20DECRETO%2019138%20DOS%20DIRIGENTES%20DA%20ENTIDADE.pdf\" target=\"_blank\" rel=\"noreferrer noopener\" aria-label=\"DECLARA\u00c7\u00c3O ART 33 DO DECRETO 19138 DOS DIRIGENTES DA ENTIDADE  (abre numa nova aba)\">DECLARA\u00c7\u00c3O ART 33 DO DECRETO 19138 DOS DIRIGENTES DA ENTIDADE<\/a><\/strong><a href=\"https:\/\/www.lardavelhice.com.br\/site\/wp-content\/uploads\/DECLARA%C3%87%C3%83O%20ART%2033%20DO%20DECRETO%2019138%20DOS%20DIRIGENTES%20DA%20ENTIDADE.pdf\" target=\"_blank\" rel=\"noreferrer noopener\" aria-label=\"DECLARA\u00c7\u00c3O ART 33 DO DECRETO 19138 DOS DIRIGENTES DA ENTIDADE  (abre numa nova aba)\"> <\/a><\/p>\n\n\n<p><!--EndFragment--><br>\n<br>\n<\/p>","protected":false},"excerpt":{"rendered":"<p>CERTID\u00c3O DE DIRIGENTES DA ENTIDADE MANDATO 01-01-2020 A 31-12-2021 DECLARA\u00c7\u00c3O ART 33 DO DECRETO 19138 DOS DIRIGENTES DA ENTIDADE<\/p>\n","protected":false},"author":1,"featured_media":0,"parent":0,"menu_order":0,"comment_status":"closed","ping_status":"closed","template":"","meta":{"ngg_post_thumbnail":0,"footnotes":""},"class_list":["post-730","page","type-page","status-publish","hentry"],"_links":{"self":[{"href":"https:\/\/www.lardavelhice.com.br\/site\/wp-json\/wp\/v2\/pages\/730","targetHints":{"allow":["GET"]}}],"collection":[{"href":"https:\/\/www.lardavelhice.com.br\/site\/wp-json\/wp\/v2\/pages"}],"about":[{"href":"https:\/\/www.lardavelhice.com.br\/site\/wp-json\/wp\/v2\/types\/page"}],"author":[{"embeddable":true,"href":"https:\/\/www.lardavelhice.com.br\/site\/wp-json\/wp\/v2\/users\/1"}],"replies":[{"embeddable":true,"href":"https:\/\/www.lardavelhice.com.br\/site\/wp-json\/wp\/v2\/comments?post=730"}],"version-history":[{"count":0,"href":"https:\/\/www.lardavelhice.com.br\/site\/wp-json\/wp\/v2\/pages\/730\/revisions"}],"wp:attachment":[{"href":"https:\/\/www.lardavelhice.com.br\/site\/wp-json\/wp\/v2\/media?parent=730"}],"curies":[{"name":"wp","href":"https:\/\/api.w.org\/{rel}","templated":true}]}}