{"id":674,"date":"2020-02-04T10:24:27","date_gmt":"2020-02-04T13:24:27","guid":{"rendered":"https:\/\/www.lardavelhice.com.br\/site\/?page_id=674"},"modified":"2020-03-10T11:21:06","modified_gmt":"2020-03-10T14:21:06","slug":"prestacao-de-contas-2019","status":"publish","type":"page","link":"https:\/\/www.lardavelhice.com.br\/site\/prestacao-de-contas-2019\/","title":{"rendered":"PRESTA\u00c7\u00c3O DE CONTAS 2019"},"content":{"rendered":"<p><strong>Presta\u00e7\u00e3o de Contas de Recursos Repassado ao Lar da Velhice em 2019 <\/strong><\/p>\n<p><a href=\"https:\/\/www.lardavelhice.com.br\/site\/wp-content\/uploads\/2020\/02\/ANEXO-14-ENTIDADE-PRIMEIRO-QUADRIMESTRE-2019.pdf\" target=\"_blank\" rel=\"noopener noreferrer\">ANEXO 14 &#8211; ENTIDADE &#8211; PRIMEIRO QUADRIMESTRE 2019<\/a><\/p>\n<p><a href=\"https:\/\/www.lardavelhice.com.br\/site\/wp-content\/uploads\/2020\/02\/ANEXO-14-ENTIDADE-SEGUNDO-QUADRIMESTRE-2019.pdf\" target=\"_blank\" rel=\"noopener noreferrer\">ANEXO 14 &#8211; ENTIDADE &#8211; SEGUNDO QUADRIMESTRE 2019<\/a><\/p>\n<p><a href=\"https:\/\/www.lardavelhice.com.br\/site\/wp-content\/uploads\/2020\/03\/ANEXO-14-ENTIDADE-TERCEIRO-QUADRIMESTRE-2019-ANUAL.pdf\" target=\"_blank\" rel=\"noopener noreferrer\">ANEXO 14 &#8211; ENTIDADE &#8211; TERCEIRO QUADRIMESTRE 2019 (ANUAL)<\/a><\/p>\n<p><a href=\"https:\/\/www.lardavelhice.com.br\/site\/wp-content\/uploads\/2020\/02\/ANEXO-14-ESTADUAL-PRIMEIRO-QUADRIMESTRE-2019.pdf\" target=\"_blank\" rel=\"noopener noreferrer\">ANEXO 14 &#8211; ESTADUAL &#8211; PRIMEIRO QUADRIMESTRE 2019<\/a><\/p>\n<p><a href=\"https:\/\/www.lardavelhice.com.br\/site\/wp-content\/uploads\/2020\/02\/ANEXO-14-ESTADUAL-SEGUNDO-QUADRIMESTRE-2019.pdf\" target=\"_blank\" rel=\"noopener noreferrer\">ANEXO 14 &#8211; ESTADUAL &#8211; SEGUNDO QUADRIMESTRE 2019<\/a><\/p>\n<p><a href=\"https:\/\/www.lardavelhice.com.br\/site\/wp-content\/uploads\/2020\/03\/ANEXO-14-ESTADUAL-TERCEIRO-QUADRIMESTRE-2019-ANUAL.pdf\" target=\"_blank\" rel=\"noopener noreferrer\">ANEXO 14 &#8211; ESTADUAL &#8211; TERCEIRO QUADRIMESTRE 2019 (ANUAL)<\/a><\/p>\n<p><a href=\"https:\/\/www.lardavelhice.com.br\/site\/wp-content\/uploads\/2020\/02\/ANEXO-14-FEDERAL-PRIMEIRO-QUADRIMESTRE-2019.pdf\" target=\"_blank\" rel=\"noopener noreferrer\">ANEXO 14 &#8211; FEDERAL &#8211; PRIMEIRO QUADRIMESTRE 2019<\/a><\/p>\n<p><a href=\"https:\/\/www.lardavelhice.com.br\/site\/wp-content\/uploads\/2020\/02\/ANEXO-14-FEDERAL-SEGUNDO-QUADRIMESTRE-2019.pdf\" target=\"_blank\" rel=\"noopener noreferrer\">ANEXO 14 &#8211; FEDERAL &#8211; SEGUNDO QUADRIMESTRE 2019<\/a><\/p>\n<p><a href=\"https:\/\/www.lardavelhice.com.br\/site\/wp-content\/uploads\/2020\/03\/ANEXO-14-FEDERAL-TERCEIRO-QUADRIMESTRE-2019-ANUAL.pdf\" target=\"_blank\" rel=\"noopener noreferrer\">ANEXO 14 &#8211; FEDERAL &#8211; TERCEIRO QUADRIMESTRE 2019 (ANUAL)<\/a><\/p>\n<p><a href=\"https:\/\/www.lardavelhice.com.br\/site\/wp-content\/uploads\/2020\/02\/ANEXO-14-MUNICIPAL-PRIMEIRO-QUADRIMESTRE-2019.pdf\" target=\"_blank\" rel=\"noopener noreferrer\">ANEXO 14 &#8211; MUNICIPAL &#8211; PRIMEIRO QUADRIMESTRE 2019<\/a><\/p>\n<p><a href=\"https:\/\/www.lardavelhice.com.br\/site\/wp-content\/uploads\/2020\/02\/ANEXO-14-MUNICIPAL-SEGUNDO-QUADRIMESTRE-2019.pdf\" target=\"_blank\" rel=\"noopener noreferrer\">ANEXO 14 &#8211; MUNICIPAL &#8211; SEGUNDO QUADRIMESTRE 2019<\/a><\/p>\n<p><a href=\"https:\/\/www.lardavelhice.com.br\/site\/wp-content\/uploads\/2020\/03\/ANEXO-14-MUNICIPAL-TERCEIRO-QUADRIMESTRE-2019-ANUAL.pdf\" target=\"_blank\" rel=\"noopener noreferrer\">ANEXO 14 &#8211; MUNICIPAL &#8211; TERCEIRO QUADRIMESTRE 2019 (ANUAL)<\/a><\/p>\n<p><a href=\"https:\/\/www.lardavelhice.com.br\/site\/wp-content\/uploads\/2020\/02\/DEMONSTRATIVO-RECEITAS-E-DESPESAS-MODELO-2-PRIMEIRO-QUADRIMESTRE-2019.pdf\" target=\"_blank\" rel=\"noopener noreferrer\">DEMONSTRATIVO RECEITAS E DESPESAS &#8211; MODELO 2 &#8211; PRIMEIRO QUADRIMESTRE 2019<\/a><\/p>\n<p><a href=\"https:\/\/www.lardavelhice.com.br\/site\/wp-content\/uploads\/2020\/02\/DEMONSTRATIVO-RECEITAS-E-DESPESAS-MODELO-2-SEGUNDO-QUADRIMESTRE-2019.pdf\" target=\"_blank\" rel=\"noopener noreferrer\">DEMONSTRATIVO RECEITAS E DESPESAS &#8211; MODELO 2 &#8211; SEGUNDO QUADRIMESTRE 2019<\/a><\/p>\n<p><a href=\"https:\/\/www.lardavelhice.com.br\/site\/wp-content\/uploads\/2020\/03\/EXTRATO-DE-PRESTA\u00c7\u00c3O-DE-CONTAS-TERCEIRO-QUADRIMESTRE-2019.pdf\" target=\"_blank\" rel=\"noopener noreferrer\">EXTRATO DE PRESTA\u00c7\u00c3O DE CONTAS &#8211; TERCEIRO QUADRIMESTRE 2019<\/a><\/p>\n<p><a href=\"https:\/\/www.lardavelhice.com.br\/site\/wp-content\/uploads\/2020\/03\/Demonstrativo-Simplificado-das-Receitas-e-Despesas-Modelo-2-Anual-2019.pdf\" target=\"_blank\" rel=\"noopener noreferrer\">Demonstrativo Simplificado das Receitas e Despesas &#8211; Modelo 2 &#8211; Anual 2019<\/a><\/p>\n","protected":false},"excerpt":{"rendered":"<p>Presta\u00e7\u00e3o de Contas de Recursos Repassado ao Lar da Velhice em 2019 ANEXO 14 &#8211; ENTIDADE &#8211; PRIMEIRO QUADRIMESTRE 2019 ANEXO 14 &#8211; ENTIDADE &#8211; SEGUNDO QUADRIMESTRE 2019 ANEXO 14 &#8211; ENTIDADE &#8211; TERCEIRO QUADRIMESTRE 2019 (ANUAL) ANEXO 14 &#8211; ESTADUAL &#8211; PRIMEIRO QUADRIMESTRE 2019 ANEXO 14 &#8211; ESTADUAL &#8211; SEGUNDO QUADRIMESTRE 2019 ANEXO 14 [&hellip;]<\/p>\n","protected":false},"author":1,"featured_media":0,"parent":0,"menu_order":0,"comment_status":"closed","ping_status":"closed","template":"","meta":{"ngg_post_thumbnail":0,"footnotes":""},"class_list":["post-674","page","type-page","status-publish","hentry"],"_links":{"self":[{"href":"https:\/\/www.lardavelhice.com.br\/site\/wp-json\/wp\/v2\/pages\/674","targetHints":{"allow":["GET"]}}],"collection":[{"href":"https:\/\/www.lardavelhice.com.br\/site\/wp-json\/wp\/v2\/pages"}],"about":[{"href":"https:\/\/www.lardavelhice.com.br\/site\/wp-json\/wp\/v2\/types\/page"}],"author":[{"embeddable":true,"href":"https:\/\/www.lardavelhice.com.br\/site\/wp-json\/wp\/v2\/users\/1"}],"replies":[{"embeddable":true,"href":"https:\/\/www.lardavelhice.com.br\/site\/wp-json\/wp\/v2\/comments?post=674"}],"version-history":[{"count":0,"href":"https:\/\/www.lardavelhice.com.br\/site\/wp-json\/wp\/v2\/pages\/674\/revisions"}],"wp:attachment":[{"href":"https:\/\/www.lardavelhice.com.br\/site\/wp-json\/wp\/v2\/media?parent=674"}],"curies":[{"name":"wp","href":"https:\/\/api.w.org\/{rel}","templated":true}]}}