{"id":666,"date":"2020-02-03T13:26:22","date_gmt":"2020-02-03T16:26:22","guid":{"rendered":"http:\/\/www.lardavelhice.com.br\/site\/?page_id=666"},"modified":"2021-05-10T17:27:00","modified_gmt":"2021-05-10T20:27:00","slug":"transparencia-2020","status":"publish","type":"page","link":"https:\/\/www.lardavelhice.com.br\/site\/transparencia-2020\/","title":{"rendered":"TRANSPAR\u00caNCIA 2020"},"content":{"rendered":"\n<p><a href=\"https:\/\/www.lardavelhice.com.br\/site\/wp-content\/uploads\/Balan%C3%A7o%20Lar%20da%20Velhice%202021.pdf\" target=\"_blank\" rel=\"noreferrer noopener\" aria-label=\"BALAN\u00c7O 2020   (abre numa nova aba)\">BALAN\u00c7O 2020  <\/a><\/p>\n\n\n\n<p><a href=\"https:\/\/www.lardavelhice.com.br\/site\/termo-de-colaboracao-008-2019-resolucao-seds-10-2020-covid\/\">TERMO DE COLABORA\u00c7\u00c3O 008\/2019 RESOLU\u00c7\u00c3O SEDS 10\/2020 COVID <\/a><\/p>\n\n\n\n<p><a href=\"https:\/\/www.lardavelhice.com.br\/site\/declaracao-da-entrega-de-balanco-patrimonial-do-exercicio-anterior\/\">DECLARA\u00c7\u00c3O DA ENTREGA DE BALAN\u00c7O PATRIMONIAL DO EXERC\u00cdCIO ANTERIOR<\/a><\/p>\n\n\n\n<p><a href=\"https:\/\/www.lardavelhice.com.br\/site\/dirigentes-da-entidade\/\">DIRIGENTES DA ENTIDADE<\/a><\/p>\n\n\n\n<p><a href=\"https:\/\/www.lardavelhice.com.br\/site\/extrato-prestacao-de-contas-2020\/\">EXTRATO PRESTA\u00c7\u00c3O DE CONTAS 2020<\/a><\/p>\n\n\n\n<p><a rel=\"noreferrer noopener\" href=\"https:\/\/www.lardavelhice.com.br\/site\/wp-content\/uploads\/2020\/02\/PLANO-DE-TRABALHO-2020.pdf\" target=\"_blank\">PLANO DE TRABALHO 2020<\/a><\/p>\n\n\n\n<p><a rel=\"noreferrer noopener\" href=\"https:\/\/www.lardavelhice.com.br\/site\/wp-content\/uploads\/2020\/02\/TERMO-ADITIVO-AO-TERMO-DE-COLABORA\u00c7\u00c3O-N\u00ba-0082019.pdf\" target=\"_blank\">TERMO ADITIVO AO TERMO DE COLABORA\u00c7\u00c3O N\u00ba 0082019<\/a><\/p>\n","protected":false},"excerpt":{"rendered":"<p>BALAN\u00c7O 2020 TERMO DE COLABORA\u00c7\u00c3O 008\/2019 RESOLU\u00c7\u00c3O SEDS 10\/2020 COVID DECLARA\u00c7\u00c3O DA ENTREGA DE BALAN\u00c7O PATRIMONIAL DO EXERC\u00cdCIO ANTERIOR DIRIGENTES DA ENTIDADE EXTRATO PRESTA\u00c7\u00c3O DE CONTAS 2020 PLANO DE TRABALHO 2020 TERMO ADITIVO AO TERMO DE COLABORA\u00c7\u00c3O N\u00ba 0082019<\/p>\n","protected":false},"author":1,"featured_media":0,"parent":0,"menu_order":0,"comment_status":"closed","ping_status":"closed","template":"","meta":{"ngg_post_thumbnail":0,"footnotes":""},"class_list":["post-666","page","type-page","status-publish","hentry"],"_links":{"self":[{"href":"https:\/\/www.lardavelhice.com.br\/site\/wp-json\/wp\/v2\/pages\/666","targetHints":{"allow":["GET"]}}],"collection":[{"href":"https:\/\/www.lardavelhice.com.br\/site\/wp-json\/wp\/v2\/pages"}],"about":[{"href":"https:\/\/www.lardavelhice.com.br\/site\/wp-json\/wp\/v2\/types\/page"}],"author":[{"embeddable":true,"href":"https:\/\/www.lardavelhice.com.br\/site\/wp-json\/wp\/v2\/users\/1"}],"replies":[{"embeddable":true,"href":"https:\/\/www.lardavelhice.com.br\/site\/wp-json\/wp\/v2\/comments?post=666"}],"version-history":[{"count":0,"href":"https:\/\/www.lardavelhice.com.br\/site\/wp-json\/wp\/v2\/pages\/666\/revisions"}],"wp:attachment":[{"href":"https:\/\/www.lardavelhice.com.br\/site\/wp-json\/wp\/v2\/media?parent=666"}],"curies":[{"name":"wp","href":"https:\/\/api.w.org\/{rel}","templated":true}]}}