{"id":653,"date":"2019-08-08T12:06:43","date_gmt":"2019-08-08T15:06:43","guid":{"rendered":"http:\/\/www.lardavelhice.com.br\/site\/?page_id=653"},"modified":"2020-05-14T14:18:56","modified_gmt":"2020-05-14T17:18:56","slug":"transparencia-2019","status":"publish","type":"page","link":"https:\/\/www.lardavelhice.com.br\/site\/transparencia-2019\/","title":{"rendered":"TRANSPAR\u00caNCIA 2019"},"content":{"rendered":"\n<p><a href=\"https:\/\/www.lardavelhice.com.br\/site\/relacao-de-funcionarios-vinculados-ao-termo-de-colaboracao-008-2019-e-seu-plano-de-trabalho\/\">Rel<\/a><a href=\"https:\/\/www.lardavelhice.com.br\/site\/wp-content\/uploads\/2020\/05\/Rela\u00e7\u00e3o-de-Funcion\u00e1rios-vinculados-ao-Termo-de-Colabora\u00e7\u00e3o-008-2019-e-seu-plano-de-trabalho.pdf\" target=\"_blank\" rel=\"noreferrer noopener\" aria-label=\"a\u00e7\u00e3o de Funcion\u00e1rios vinculados ao Termo de Colabora\u00e7\u00e3o 008-2019 e seu plano de trabalho (abre numa nova aba)\">a\u00e7\u00e3o de Funcion\u00e1rios vinculados ao Termo de Colabora\u00e7\u00e3o 008-2019 e seu plano de trabalho<\/a><\/p>\n\n\n\n<p><a href=\"https:\/\/www.lardavelhice.com.br\/site\/prestacao-de-contas-2019\/\">Presta\u00e7\u00e3o de Contas 2019<\/a><\/p>\n\n\n\n<p><a href=\"https:\/\/www.lardavelhice.com.br\/site\/wp-content\/uploads\/2020\/02\/Plano-de-Trabalho-2019.pdf\" target=\"_blank\" rel=\"noreferrer noopener\">Plano de Trabalho 2019<\/a><\/p>\n\n\n\n<p><a href=\"https:\/\/www.lardavelhice.com.br\/site\/wp-content\/uploads\/2020\/02\/Termo-de-Colabora\u00e7\u00e3o-n\u00ba.-0082019-Secretaria-de-A\u00e7\u00e3o-Social-do-Municipio-de-Ara\u00e7atuba-com-Lar-da-Velhice-e-Assist\u00eancia-Social.pdf\" target=\"_blank\" rel=\"noreferrer noopener\">Termo de Colabora\u00e7\u00e3o n\u00ba. 0082019 &#8211; Secretaria de A\u00e7\u00e3o Social do Municipio de Ara\u00e7atuba com Lar da Velhice e Assist\u00eancia Social<\/a><\/p>\n","protected":false},"excerpt":{"rendered":"<p>Rela\u00e7\u00e3o de Funcion\u00e1rios vinculados ao Termo de Colabora\u00e7\u00e3o 008-2019 e seu plano de trabalho Presta\u00e7\u00e3o de Contas 2019 Plano de Trabalho 2019 Termo de Colabora\u00e7\u00e3o n\u00ba. 0082019 &#8211; Secretaria de A\u00e7\u00e3o Social do Municipio de Ara\u00e7atuba com Lar da Velhice e Assist\u00eancia Social<\/p>\n","protected":false},"author":1,"featured_media":0,"parent":0,"menu_order":0,"comment_status":"closed","ping_status":"closed","template":"","meta":{"ngg_post_thumbnail":0,"footnotes":""},"class_list":["post-653","page","type-page","status-publish","hentry"],"_links":{"self":[{"href":"https:\/\/www.lardavelhice.com.br\/site\/wp-json\/wp\/v2\/pages\/653","targetHints":{"allow":["GET"]}}],"collection":[{"href":"https:\/\/www.lardavelhice.com.br\/site\/wp-json\/wp\/v2\/pages"}],"about":[{"href":"https:\/\/www.lardavelhice.com.br\/site\/wp-json\/wp\/v2\/types\/page"}],"author":[{"embeddable":true,"href":"https:\/\/www.lardavelhice.com.br\/site\/wp-json\/wp\/v2\/users\/1"}],"replies":[{"embeddable":true,"href":"https:\/\/www.lardavelhice.com.br\/site\/wp-json\/wp\/v2\/comments?post=653"}],"version-history":[{"count":0,"href":"https:\/\/www.lardavelhice.com.br\/site\/wp-json\/wp\/v2\/pages\/653\/revisions"}],"wp:attachment":[{"href":"https:\/\/www.lardavelhice.com.br\/site\/wp-json\/wp\/v2\/media?parent=653"}],"curies":[{"name":"wp","href":"https:\/\/api.w.org\/{rel}","templated":true}]}}