{"id":587,"date":"2018-07-10T08:30:13","date_gmt":"2018-07-10T11:30:13","guid":{"rendered":"http:\/\/www.lardavelhice.com.br\/site\/?page_id=587"},"modified":"2018-07-10T08:30:13","modified_gmt":"2018-07-10T11:30:13","slug":"prestacao-de-contas-de-recursos-repassado-ao-lar-da-velhice-em-2017-anexo-14-e-modelo-2","status":"publish","type":"page","link":"https:\/\/www.lardavelhice.com.br\/site\/prestacao-de-contas-de-recursos-repassado-ao-lar-da-velhice-em-2017-anexo-14-e-modelo-2\/","title":{"rendered":"Presta\u00e7\u00e3o de Contas de Recursos Repassado ao Lar da Velhice em 2017 (Anexo 14 e Modelo 2)"},"content":{"rendered":"<p><strong>Presta\u00e7\u00e3o de Contas de Recursos Repassado ao Lar da Velhice em 2017 (Anexo 14 e Modelo 2):<\/strong><\/p>\n<p><a href=\"http:\/\/www.lardavelhice.com.br\/site\/wp-content\/uploads\/2018\/07\/Anexo-14-Estadual-Prestacao-de-Contas-2017-Anual-(Sem-parcela-recebida-em-Janeiro-2018).pdf\" target=\"_blank\" rel=\"noopener\">Anexo 14 &#8211; Estadual &#8211; Presta\u00e7\u00e3o de Contas 2017 &#8211; Anual (Sem parcela recebida em Janeiro 2018)<\/a><\/p>\n<p><a href=\"http:\/\/www.lardavelhice.com.br\/site\/wp-content\/uploads\/2018\/07\/Anexo-14-Federal-Prestacao-de-Contas-2017-Anual.pdf\" target=\"_blank\" rel=\"noopener\">Anexo 14 &#8211; Federal &#8211; Presta\u00e7\u00e3o de Contas 2017 &#8211; Anual<\/a><\/p>\n<p><a href=\"http:\/\/www.lardavelhice.com.br\/site\/wp-content\/uploads\/2018\/07\/Anexo-14-Municipal-Prestacao-de-Contas-2017-Anual(Sem-parcela-recebida-em-Janeiro-2018).pdf\" target=\"_blank\" rel=\"noopener\">Anexo 14 &#8211; Municipal &#8211; Presta\u00e7\u00e3o de Contas 2017 &#8211; Anual (Sem parcela recebida em Janeiro 2018)<\/a><\/p>\n<p><a href=\"http:\/\/www.lardavelhice.com.br\/site\/wp-content\/uploads\/2018\/07\/Anexo-14-Municipal-Anual-2017-(Incluso-parcela-Recebida-em-Janeiro-2018).pdf\" target=\"_blank\" rel=\"noopener\">Anexo 14 &#8211; Municipal Anual 2017 (Incluso parcela Recebida em Janeiro 2018)<\/a><\/p>\n<p><a href=\"http:\/\/www.lardavelhice.com.br\/site\/wp-content\/uploads\/2018\/07\/Anexo-14-Estadual-Anual-2017-(Incluso-parcela-Recebida-em-Janeiro-2018).pdf\" target=\"_blank\" rel=\"noopener\">Anexo 14 Estadual Anual 2017 (Incluso parcela Recebida em Janeiro 2018)<\/a><\/p>\n<p><a href=\"http:\/\/www.lardavelhice.com.br\/site\/wp-content\/uploads\/2018\/07\/Demonstrativo-Receitas-e-Despesas-Modelo-2-2017.pdf\" target=\"_blank\" rel=\"noopener\">Demonstrativo Receitas e Despesas &#8211; Modelo 2 &#8211; 2017<\/a><\/p>\n<p><a href=\"http:\/\/www.lardavelhice.com.br\/site\/wp-content\/uploads\/2018\/07\/Demonstrativo-Receitas-e-Despesas-Modelo-2-Restos-a-Pagar-2017-2018.pdf\" target=\"_blank\" rel=\"noopener\">Demonstrativo Receitas e Despesas &#8211; Modelo 2 &#8211; Restos a Pagar 2017-2018<\/a><\/p>\n","protected":false},"excerpt":{"rendered":"<p>Presta\u00e7\u00e3o de Contas de Recursos Repassado ao Lar da Velhice em 2017 (Anexo 14 e Modelo 2): Anexo 14 &#8211; Estadual &#8211; Presta\u00e7\u00e3o de Contas 2017 &#8211; Anual (Sem parcela recebida em Janeiro 2018) Anexo 14 &#8211; Federal &#8211; Presta\u00e7\u00e3o de Contas 2017 &#8211; Anual Anexo 14 &#8211; Municipal &#8211; Presta\u00e7\u00e3o de Contas 2017 &#8211; [&hellip;]<\/p>\n","protected":false},"author":1,"featured_media":0,"parent":0,"menu_order":0,"comment_status":"closed","ping_status":"closed","template":"","meta":{"ngg_post_thumbnail":0,"footnotes":""},"class_list":["post-587","page","type-page","status-publish","hentry"],"_links":{"self":[{"href":"https:\/\/www.lardavelhice.com.br\/site\/wp-json\/wp\/v2\/pages\/587","targetHints":{"allow":["GET"]}}],"collection":[{"href":"https:\/\/www.lardavelhice.com.br\/site\/wp-json\/wp\/v2\/pages"}],"about":[{"href":"https:\/\/www.lardavelhice.com.br\/site\/wp-json\/wp\/v2\/types\/page"}],"author":[{"embeddable":true,"href":"https:\/\/www.lardavelhice.com.br\/site\/wp-json\/wp\/v2\/users\/1"}],"replies":[{"embeddable":true,"href":"https:\/\/www.lardavelhice.com.br\/site\/wp-json\/wp\/v2\/comments?post=587"}],"version-history":[{"count":0,"href":"https:\/\/www.lardavelhice.com.br\/site\/wp-json\/wp\/v2\/pages\/587\/revisions"}],"wp:attachment":[{"href":"https:\/\/www.lardavelhice.com.br\/site\/wp-json\/wp\/v2\/media?parent=587"}],"curies":[{"name":"wp","href":"https:\/\/api.w.org\/{rel}","templated":true}]}}