{"id":21,"date":"2016-09-08T04:03:18","date_gmt":"2016-09-08T07:03:18","guid":{"rendered":"http:\/\/www.lardavelhice.com.br\/site\/?page_id=21"},"modified":"2018-05-15T17:02:42","modified_gmt":"2018-05-15T20:02:42","slug":"voluntarios","status":"publish","type":"page","link":"https:\/\/www.lardavelhice.com.br\/site\/voluntarios\/","title":{"rendered":"VOLUNT\u00c1RIOS"},"content":{"rendered":"<p><img loading=\"lazy\" decoding=\"async\" class=\"alignnone size-full wp-image-43\" src=\"http:\/\/www.lardavelhice.com.br\/site\/wp-content\/uploads\/2018\/05\/Sem-t\u00edtulo-1.png\" alt=\"\" width=\"300\" height=\"120\" srcset=\"https:\/\/www.lardavelhice.com.br\/site\/wp-content\/uploads\/2018\/05\/Sem-t\u00edtulo-1.png 300w, https:\/\/www.lardavelhice.com.br\/site\/wp-content\/uploads\/2018\/05\/Sem-t\u00edtulo-1-262x105.png 262w\" sizes=\"auto, (max-width: 300px) 100vw, 300px\" \/><\/p>\n<p><strong>Se voc\u00ea se identifica com o trabalho realizado pelo Lar da Velhice, e quer fazer parte da Equipe, entre em contato conosco. <\/strong><\/p>\n<p><strong>Venha colaborar com estas pessoas que necessitam de ajuda.<\/strong><\/p>\n<p><em>Atualmente h\u00e1 vagas de volunt\u00e1rios para:<\/em><\/p>\n<p>&#8211; Psic\u00f3logo(a)<br \/>\n&#8211; Enfermeiro(a) Padr\u00e3o<br \/>\n&#8211; Terapeuta Ocupacional<br \/>\n&#8211; Nutricionista<br \/>\n&#8211; Pod\u00f3logo<\/p>\n<p><em>* Envie um e-mail para <strong>lardavelhice@terra.com.br<\/strong> com suas pretens\u00f5es, habilidades, habilita\u00e7\u00f5es, disponibilidade para as atividades e com muita satisfa\u00e7\u00e3o tentar-se \u00e0 conciliar as possibilidades e as necessidades.<\/em><\/p>\n","protected":false},"excerpt":{"rendered":"<p>Se voc\u00ea se identifica com o trabalho realizado pelo Lar da Velhice, e quer fazer parte da Equipe, entre em contato conosco. Venha colaborar com estas pessoas que necessitam de ajuda. Atualmente h\u00e1 vagas de volunt\u00e1rios para: &#8211; Psic\u00f3logo(a) &#8211; Enfermeiro(a) Padr\u00e3o &#8211; Terapeuta Ocupacional &#8211; Nutricionista &#8211; Pod\u00f3logo * Envie um e-mail para lardavelhice@terra.com.br [&hellip;]<\/p>\n","protected":false},"author":1,"featured_media":43,"parent":0,"menu_order":0,"comment_status":"closed","ping_status":"closed","template":"page-parallax.php","meta":{"ngg_post_thumbnail":0,"footnotes":""},"class_list":["post-21","page","type-page","status-publish","has-post-thumbnail","hentry"],"_links":{"self":[{"href":"https:\/\/www.lardavelhice.com.br\/site\/wp-json\/wp\/v2\/pages\/21","targetHints":{"allow":["GET"]}}],"collection":[{"href":"https:\/\/www.lardavelhice.com.br\/site\/wp-json\/wp\/v2\/pages"}],"about":[{"href":"https:\/\/www.lardavelhice.com.br\/site\/wp-json\/wp\/v2\/types\/page"}],"author":[{"embeddable":true,"href":"https:\/\/www.lardavelhice.com.br\/site\/wp-json\/wp\/v2\/users\/1"}],"replies":[{"embeddable":true,"href":"https:\/\/www.lardavelhice.com.br\/site\/wp-json\/wp\/v2\/comments?post=21"}],"version-history":[{"count":0,"href":"https:\/\/www.lardavelhice.com.br\/site\/wp-json\/wp\/v2\/pages\/21\/revisions"}],"wp:featuredmedia":[{"embeddable":true,"href":"https:\/\/www.lardavelhice.com.br\/site\/wp-json\/wp\/v2\/media\/43"}],"wp:attachment":[{"href":"https:\/\/www.lardavelhice.com.br\/site\/wp-json\/wp\/v2\/media?parent=21"}],"curies":[{"name":"wp","href":"https:\/\/api.w.org\/{rel}","templated":true}]}}