{"id":2,"date":"2016-09-08T03:28:40","date_gmt":"2016-09-08T06:28:40","guid":{"rendered":"http:\/\/www.lardavelhice.com.br\/site\/?page_id=2"},"modified":"2026-02-20T01:12:58","modified_gmt":"2026-02-20T04:12:58","slug":"contato","status":"publish","type":"page","link":"https:\/\/www.lardavelhice.com.br\/site\/contato\/","title":{"rendered":"CONTATO"},"content":{"rendered":"<p><img loading=\"lazy\" decoding=\"async\" class=\"alignnone size-full wp-image-8\" src=\"http:\/\/www.lardavelhice.com.br\/site\/wp-content\/uploads\/2016\/09\/fale-conosco.jpg\" alt=\"fale-conosco\" width=\"526\" height=\"216\" srcset=\"https:\/\/www.lardavelhice.com.br\/site\/wp-content\/uploads\/2016\/09\/fale-conosco.jpg 526w, https:\/\/www.lardavelhice.com.br\/site\/wp-content\/uploads\/2016\/09\/fale-conosco-300x123.jpg 300w, https:\/\/www.lardavelhice.com.br\/site\/wp-content\/uploads\/2016\/09\/fale-conosco-360x148.jpg 360w, https:\/\/www.lardavelhice.com.br\/site\/wp-content\/uploads\/2016\/09\/fale-conosco-262x108.jpg 262w\" sizes=\"auto, (max-width: 526px) 100vw, 526px\" \/><\/p>\n<p><strong>Rua Avia\u00e7\u00e3o, 1782 &#8211; Ara\u00e7atuba\/SP. CEP: 16056-725<\/strong><br \/>\n<strong> Telefone: (18) 3636-0999 &#8211; (18) 3621-8766<\/strong><br \/>\n<strong> Email: lardavelhice@terra.com.br \/ contato@lardavelhice.com.br<\/strong><\/p>\n<p><em>&#8220;Sede misericordioso, como misericordioso \u00e9 vosso Pai&#8221;<\/em> (LUCAS 6:36)<\/p>\n<h3>USE O FORMUL\u00c1RIO DE CONTATO ABAIXO:<\/h3>\n<p>&nbsp;<\/p>\n\n<div class=\"wpcf7 no-js\" id=\"wpcf7-f5-o1\" lang=\"pt-BR\" dir=\"ltr\" data-wpcf7-id=\"5\">\n<div class=\"screen-reader-response\"><p role=\"status\" aria-live=\"polite\" aria-atomic=\"true\"><\/p> <ul><\/ul><\/div>\n<form action=\"\/site\/wp-json\/wp\/v2\/pages\/2#wpcf7-f5-o1\" method=\"post\" class=\"wpcf7-form init\" aria-label=\"Formul\u00e1rios de contato\" novalidate=\"novalidate\" data-status=\"init\">\n<fieldset class=\"hidden-fields-container\"><input type=\"hidden\" name=\"_wpcf7\" value=\"5\" \/><input type=\"hidden\" name=\"_wpcf7_version\" value=\"6.1.5\" \/><input type=\"hidden\" name=\"_wpcf7_locale\" value=\"pt_BR\" \/><input type=\"hidden\" name=\"_wpcf7_unit_tag\" value=\"wpcf7-f5-o1\" \/><input type=\"hidden\" name=\"_wpcf7_container_post\" value=\"0\" \/><input type=\"hidden\" name=\"_wpcf7_posted_data_hash\" value=\"\" \/>\n<\/fieldset>\n<p><label> Seu nome (obrigat\u00f3rio)<br \/>\n<span class=\"wpcf7-form-control-wrap\" data-name=\"your-name\"><input size=\"40\" maxlength=\"400\" class=\"wpcf7-form-control wpcf7-text wpcf7-validates-as-required\" aria-required=\"true\" aria-invalid=\"false\" value=\"\" type=\"text\" name=\"your-name\" \/><\/span> <\/label>\n<\/p>\n<p><label> Seu e-mail (obrigat\u00f3rio)<br \/>\n<span class=\"wpcf7-form-control-wrap\" data-name=\"your-email\"><input size=\"40\" maxlength=\"400\" class=\"wpcf7-form-control wpcf7-email wpcf7-validates-as-required wpcf7-text wpcf7-validates-as-email\" aria-required=\"true\" aria-invalid=\"false\" value=\"\" type=\"email\" name=\"your-email\" \/><\/span> <\/label>\n<\/p>\n<p><label> Assunto<br \/>\n<span class=\"wpcf7-form-control-wrap\" data-name=\"your-subject\"><input size=\"40\" maxlength=\"400\" class=\"wpcf7-form-control wpcf7-text\" aria-invalid=\"false\" value=\"\" type=\"text\" name=\"your-subject\" \/><\/span> <\/label>\n<\/p>\n<p><label> Sua mensagem<br \/>\n<span class=\"wpcf7-form-control-wrap\" data-name=\"your-message\"><textarea cols=\"40\" rows=\"10\" maxlength=\"2000\" class=\"wpcf7-form-control wpcf7-textarea\" aria-invalid=\"false\" name=\"your-message\"><\/textarea><\/span> <\/label>\n<\/p>\n<p><input class=\"wpcf7-form-control wpcf7-submit has-spinner\" type=\"submit\" value=\"Enviar\" \/>\n<\/p><p style=\"display: none !important;\" class=\"akismet-fields-container\" data-prefix=\"_wpcf7_ak_\"><label>&#916;<textarea name=\"_wpcf7_ak_hp_textarea\" cols=\"45\" rows=\"8\" maxlength=\"100\"><\/textarea><\/label><input type=\"hidden\" id=\"ak_js_1\" name=\"_wpcf7_ak_js\" value=\"183\"\/><script type=\"text\/javascript\">\n\/* <![CDATA[ *\/\ndocument.getElementById( \"ak_js_1\" ).setAttribute( \"value\", ( new Date() ).getTime() );\n\/* ]]> *\/\n<\/script>\n<\/p><div class=\"wpcf7-response-output\" aria-hidden=\"true\"><\/div>\n<\/form>\n<\/div>\n\n","protected":false},"excerpt":{"rendered":"<p>Rua Avia\u00e7\u00e3o, 1782 &#8211; Ara\u00e7atuba\/SP. CEP: 16056-725 Telefone: (18) 3636-0999 &#8211; (18) 3621-8766 Email: lardavelhice@terra.com.br \/ contato@lardavelhice.com.br &#8220;Sede misericordioso, como misericordioso \u00e9 vosso Pai&#8221; (LUCAS 6:36) USE O FORMUL\u00c1RIO DE CONTATO ABAIXO: &nbsp;<\/p>\n","protected":false},"author":1,"featured_media":1049,"parent":0,"menu_order":0,"comment_status":"closed","ping_status":"closed","template":"","meta":{"ngg_post_thumbnail":0,"footnotes":""},"class_list":["post-2","page","type-page","status-publish","has-post-thumbnail","hentry"],"_links":{"self":[{"href":"https:\/\/www.lardavelhice.com.br\/site\/wp-json\/wp\/v2\/pages\/2","targetHints":{"allow":["GET"]}}],"collection":[{"href":"https:\/\/www.lardavelhice.com.br\/site\/wp-json\/wp\/v2\/pages"}],"about":[{"href":"https:\/\/www.lardavelhice.com.br\/site\/wp-json\/wp\/v2\/types\/page"}],"author":[{"embeddable":true,"href":"https:\/\/www.lardavelhice.com.br\/site\/wp-json\/wp\/v2\/users\/1"}],"replies":[{"embeddable":true,"href":"https:\/\/www.lardavelhice.com.br\/site\/wp-json\/wp\/v2\/comments?post=2"}],"version-history":[{"count":0,"href":"https:\/\/www.lardavelhice.com.br\/site\/wp-json\/wp\/v2\/pages\/2\/revisions"}],"wp:featuredmedia":[{"embeddable":true,"href":"https:\/\/www.lardavelhice.com.br\/site\/wp-json\/wp\/v2\/media\/1049"}],"wp:attachment":[{"href":"https:\/\/www.lardavelhice.com.br\/site\/wp-json\/wp\/v2\/media?parent=2"}],"curies":[{"name":"wp","href":"https:\/\/api.w.org\/{rel}","templated":true}]}}